{"id":5210,"date":"2018-12-05T12:20:50","date_gmt":"2018-12-05T12:20:50","guid":{"rendered":"https:\/\/albanoalvesindustria.pt\/produtos\/"},"modified":"2025-12-31T15:38:44","modified_gmt":"2025-12-31T15:38:44","slug":"productos","status":"publish","type":"page","link":"https:\/\/albanoalvesindustria.pt\/es\/productos\/","title":{"rendered":"Productos"},"content":{"rendered":"<div class=\"wpb-content-wrapper\"><p>[vc_row css=&#8221;.vc_custom_1733222796791{margin-top: 60px !important;margin-bottom: 20px !important;}&#8221;][vc_column width=&#8221;1\/3&#8243;]<div role=\"alert\" class=\"alert alert-success non_bordered animateIn\" data-animate=\"no_animation\"><strong>Novedad<\/strong><\/div>[vc_single_image image=&#8221;5431&#8243; img_size=&#8221;full&#8221; alignment=&#8221;center&#8221;][vc_custom_heading text=&#8221;Etiquetas RFID\/NFC&#8221; font_container=&#8221;tag:h2|text_align:left|color:%230096c8&#8243; use_theme_fonts=&#8221;yes&#8221; el_class=&#8221;h4&#8243;][vc_column_text el_class=&#8221;product-first&#8221;]En l\u00ednea con el programa de modernizaci\u00f3n y diversificaci\u00f3n de la cartera, Albano Alves Ind\u00fastria invirti\u00f3 en un nuevo <em>complemento<\/em> que permiti\u00f3 su producci\u00f3n para la fabricaci\u00f3n de etiquetas RFID y\/o NFC.[\/vc_column_text][vc_tta_accordion section_title_tag=&#8221;h3&#8243; active_section=&#8221;0&#8243; no_fill=&#8221;true&#8221; collapsible_all=&#8221;true&#8221;][vc_tta_section title=&#8221;M\u00e1s informaci\u00f3n:&#8221; tab_id=&#8221;product-1&#8243; el_class=&#8221;more-info-text&#8221;][vc_column_text]Al mismo tiempo, ha establecido una alianza con un reconocido fabricante de incrustaciones RFID (chips y antenas) que actualmente le permite fabricar etiquetas con tecnolog\u00eda embebida, en los m\u00e1s diversos formatos y frontales, que se ajustan a las necesidades espec\u00edficas de cada negocio.<\/p>\n<p>Ofrecemos etiquetas RFID en rollo, en frecuencias UHF (856-960 MHz) o HF (13,56 MHz \u2013 NFC), que pueden entregarse en blanco o ya codificadas e impresas con los datos variables que desee.[\/vc_column_text][\/vc_tta_section][\/vc_tta_accordion][\/vc_column][vc_column width=&#8221;1\/3&#8243;]<div role=\"alert\" class=\"alert alert-success non_bordered animateIn\" data-animate=\"no_animation\"><strong>Novedad<\/strong><\/div>[vc_single_image image=&#8221;5433&#8243; img_size=&#8221;full&#8221; alignment=&#8221;center&#8221;][vc_custom_heading text=&#8221;Adhesivos \u201clinerless\u201d&#8221; font_container=&#8221;tag:h2|text_align:left|color:%230096c8&#8243; use_theme_fonts=&#8221;yes&#8221; el_id=&#8221;h4&#8243;][vc_column_text el_class=&#8221;product-first&#8221;]En Albano Alves Ind\u00fastria, reducir el impacto de los productos en el medio ambiente es una preocupaci\u00f3n constante, buscando siempre reducir los residuos e incluir materiales que formen parte de una econom\u00eda circular en el proceso productivo.[\/vc_column_text][vc_tta_accordion section_title_tag=&#8221;h3&#8243; active_section=&#8221;0&#8243; no_fill=&#8221;true&#8221; collapsible_all=&#8221;true&#8221;][vc_tta_section title=&#8221;M\u00e1s informaci\u00f3n:&#8221; tab_id=&#8221;product-2&#8243; el_class=&#8221;more-info-text&#8221;][vc_column_text]Por este motivo, recientemente hemos incorporado a nuestro porfolio etiquetas linerless que, a diferencia de las etiquetas tradicionales, no requieren liner (el material de soporte que protege el adhesivo). Sin este subproducto, que ha sido sustituido por una cubierta antiadherente que evita que las etiquetas se peguen entre s\u00ed, ahora podemos ofrecerle una soluci\u00f3n innovadora y m\u00e1s respetuosa con el medio ambiente.[\/vc_column_text][\/vc_tta_section][\/vc_tta_accordion][\/vc_column][vc_column width=&#8221;1\/3&#8243;][vc_single_image image=&#8221;5434&#8243; img_size=&#8221;full&#8221; alignment=&#8221;center&#8221;][vc_custom_heading text=&#8221;Etiquetas adhesivas&#8221; font_container=&#8221;tag:h2|text_align:left|color:%230096c8&#8243; use_theme_fonts=&#8221;yes&#8221; el_class=&#8221;h4&#8243;][vc_column_text el_class=&#8221;product-first&#8221;]Fundamentales en la mayor\u00eda de los contextos empresariales, las etiquetas permiten la identificaci\u00f3n de productos, el inventario de activos, la trazabilidad, el control de calidad, entre muchas otras aplicaciones. Sin ellos, su negocio se detiene.[\/vc_column_text][vc_tta_accordion section_title_tag=&#8221;h3&#8243; active_section=&#8221;0&#8243; no_fill=&#8221;true&#8221; collapsible_all=&#8221;true&#8221;][vc_tta_section title=&#8221;M\u00e1s informaci\u00f3n:&#8221; tab_id=&#8221;product-3&#8243; el_class=&#8221;more-info-text&#8221;][vc_column_text]Nuestra f\u00e1brica est\u00e1 preparada para producir etiquetas blancas, o etiquetas preimpresas con datos fijos o variables, en los m\u00e1s diversos materiales, como papel (t\u00e9rmico o no t\u00e9rmico), polipropileno, polietileno, entre otros.<\/p>\n<p>Ofrecemos todo tipo de adhesivos, como permanentes, removibles, para congelados, altas temperaturas y para superficies irregulares, cubriendo cualquier necesidad de su empresa en general.<\/p>\n<p>Tambi\u00e9n garantizamos una fabricaci\u00f3n a medida, ofreciendo cualquier tama\u00f1o de etiqueta en rollo, o en zigzag y rollo continuo, en diferentes di\u00e1metros de casquillo y con un n\u00famero de etiquetas adaptado a su impresora.[\/vc_column_text][\/vc_tta_section][\/vc_tta_accordion]<div role=\"alert\" class=\"alert alert-success non_bordered animateIn\" data-animate=\"no_animation\"><strong>Novedad<\/strong><\/div>[\/vc_column][\/vc_row][vc_row css=&#8221;.vc_custom_1733220646927{margin-bottom: 20px !important;}&#8221;][vc_column width=&#8221;1\/3&#8243;][vc_single_image image=&#8221;5435&#8243; img_size=&#8221;full&#8221; alignment=&#8221;center&#8221;][vc_custom_heading text=&#8221;Etiquetas no adhesivas&#8221; font_container=&#8221;tag:h2|text_align:left|color:%230096c8&#8243; use_theme_fonts=&#8221;yes&#8221; el_id=&#8221;h4&#8243;][vc_column_text el_class=&#8221;product-first&#8221;]En ciertos negocios, como la industria maderera o metal\u00fargica, los huertos e incluso el \u00e1rea de espect\u00e1culos y eventos, las etiquetas no adhesivas se presentan a menudo como la soluci\u00f3n m\u00e1s adecuada, debido a la especificidad de los productos y\/o servicios que se pretenden identificar.[\/vc_column_text][vc_tta_accordion section_title_tag=&#8221;h3&#8243; active_section=&#8221;0&#8243; no_fill=&#8221;true&#8221; collapsible_all=&#8221;true&#8221;][vc_tta_section title=&#8221;M\u00e1s informaci\u00f3n:&#8221; tab_id=&#8221;product-4&#8243; el_class=&#8221;more-info-text&#8221;][vc_column_text]En Albano Alves Ind\u00fastria, estamos preparados para producir sus etiquetas de cart\u00f3n (t\u00e9rmicas o no t\u00e9rmicas), en diferentes gramajes y formatos, empaquetadas en rollo o en zigzag, adaptadas a su impresora. Tambi\u00e9n somos capaces de cualquier tipo de preimpresi\u00f3n fija o variable.<\/p>\n<p>Si el grado de exposici\u00f3n de sus productos a diferentes variables requiere materiales no adhesivos m\u00e1s resistentes, tambi\u00e9n ofrecemos etiquetas en Val\u00e9ron y Artydel\u00ae.[\/vc_column_text][\/vc_tta_section][\/vc_tta_accordion][\/vc_column][vc_column width=&#8221;1\/3&#8243;][vc_single_image image=&#8221;5436&#8243; img_size=&#8221;full&#8221; alignment=&#8221;center&#8221;][vc_custom_heading text=&#8221;Rollos de papel de escenograf\u00eda&#8221; font_container=&#8221;tag:h2|text_align:left|color:%230096c8&#8243; use_theme_fonts=&#8221;yes&#8221; el_class=&#8221;h4&#8243;][vc_column_text el_class=&#8221;product-first&#8221;]Ideal para decoraciones, decorados y aplicaciones art\u00edsticas, proporcionando un fondo perfecto para cualquier proyecto creativo.[\/vc_column_text][\/vc_column][vc_column width=&#8221;1\/3&#8243;][vc_single_image image=&#8221;5425&#8243; img_size=&#8221;full&#8221; alignment=&#8221;center&#8221; onclick=&#8221;link_image&#8221;][vc_custom_heading text=&#8221;Rollos de papel t\u00e9rmico&#8221; font_container=&#8221;tag:h2|text_align:left|color:%230096c8&#8243; use_theme_fonts=&#8221;yes&#8221; el_class=&#8221;h4&#8243;][vc_column_text el_class=&#8221;product-first&#8221;]Perfecto para su uso en terminales de punto de venta (POS), cajas registradoras e impresoras de recibos, lo que garantiza impresiones claras y duraderas.[\/vc_column_text][\/vc_column][\/vc_row][vc_row css=&#8221;.vc_custom_1733220657266{margin-bottom: 20px !important;}&#8221;][vc_column width=&#8221;1\/3&#8243;][vc_single_image image=&#8221;5437&#8243; img_size=&#8221;full&#8221; alignment=&#8221;center&#8221;][vc_custom_heading text=&#8221;Rollos de papel individuales&#8221; font_container=&#8221;tag:h2|text_align:left|color:%230096c8&#8243; use_theme_fonts=&#8221;yes&#8221; el_class=&#8221;h4&#8243;][vc_column_text el_class=&#8221;product-first&#8221;]Vers\u00e1til y pr\u00e1ctico, adecuado para una variedad de usos en oficinas, escuelas y entornos industriales.[\/vc_column_text][\/vc_column][vc_column width=&#8221;1\/3&#8243;][vc_single_image image=&#8221;5438&#8243; img_size=&#8221;full&#8221; alignment=&#8221;center&#8221;][vc_custom_heading text=&#8221;Rollos de papel autocopiativo&#8221; font_container=&#8221;tag:h2|text_align:left|color:%230096c8&#8243; use_theme_fonts=&#8221;yes&#8221; el_class=&#8221;h4&#8243;][vc_column_text el_class=&#8221;product-first&#8221;]Esencial para aplicaciones en las que se requieren varias copias sin el uso de carb\u00f3n, como en recibos y formularios.[\/vc_column_text][\/vc_column][vc_column width=&#8221;1\/3&#8243;][vc_single_image image=&#8221;5439&#8243; img_size=&#8221;full&#8221; alignment=&#8221;center&#8221;][vc_custom_heading text=&#8221;Rollos de papel para plotter&#8221; font_container=&#8221;tag:h2|text_align:left|color:%230096c8&#8243; use_theme_fonts=&#8221;yes&#8221; el_class=&#8221;h4&#8243;][vc_column_text el_class=&#8221;product-first&#8221;]Desarrollado para impresoras de gran formato, lo que garantiza una calidad de impresi\u00f3n superior para dibujos t\u00e9cnicos y gr\u00e1ficos.[\/vc_column_text][\/vc_column][\/vc_row][vc_row css=&#8221;.vc_custom_1733220667792{margin-bottom: 20px !important;}&#8221;][vc_column width=&#8221;1\/3&#8243;][vc_single_image image=&#8221;5426&#8243; img_size=&#8221;full&#8221; alignment=&#8221;center&#8221; onclick=&#8221;link_image&#8221;][vc_custom_heading text=&#8221;Rollos de papel de fantas\u00eda&#8221; font_container=&#8221;tag:h2|text_align:left|color:%230096c8&#8243; use_theme_fonts=&#8221;yes&#8221; el_class=&#8221;h4&#8243;][vc_column_text el_class=&#8221;product-first&#8221;]Decorativo y llamativo, perfecto para envolver regalos y otras aplicaciones creativas.[\/vc_column_text][\/vc_column][vc_column width=&#8221;1\/3&#8243;][vc_single_image image=&#8221;5440&#8243; img_size=&#8221;full&#8221; alignment=&#8221;center&#8221;][vc_custom_heading text=&#8221;Tickets y dispensadores&#8221; font_container=&#8221;tag:h2|text_align:left|color:%230096c8&#8243; use_theme_fonts=&#8221;yes&#8221; el_class=&#8221;h4&#8243;][vc_column_text el_class=&#8221;product-first&#8221;]Soluciones eficientes para la gesti\u00f3n y organizaci\u00f3n de colas en diversos establecimientos, desde supermercados hasta servicios p\u00fablicos.[\/vc_column_text][\/vc_column][vc_column width=&#8221;1\/3&#8243;][vc_single_image image=&#8221;5441&#8243; img_size=&#8221;full&#8221; alignment=&#8221;center&#8221;][vc_custom_heading text=&#8221;Toallitas h\u00famedas para manos&#8221; font_container=&#8221;tag:h2|text_align:left|color:%230096c8&#8243; use_theme_fonts=&#8221;yes&#8221; el_class=&#8221;h4&#8243;][vc_column_text el_class=&#8221;product-first&#8221;]Esencial para la higiene y la limpieza, adecuado para ba\u00f1os p\u00fablicos y entornos comerciales.[\/vc_column_text][\/vc_column][\/vc_row]<\/p>\n<\/div>","protected":false},"excerpt":{"rendered":"<p>[vc_row css=&#8221;.vc_custom_1733222796791{margin-top: 60px !important;margin-bottom: 20px !important;}&#8221;][vc_column width=&#8221;1\/3&#8243;][vc_single_image image=&#8221;5431&#8243; img_size=&#8221;full&#8221; alignment=&#8221;center&#8221;][vc_custom_heading text=&#8221;Etiquetas RFID\/NFC&#8221; font_container=&#8221;tag:h2|text_align:left|color:%230096c8&#8243; use_theme_fonts=&#8221;yes&#8221; el_class=&#8221;h4&#8243;][vc_column_text el_class=&#8221;product-first&#8221;]En l\u00ednea con el programa de modernizaci\u00f3n y diversificaci\u00f3n de la cartera, Albano Alves Ind\u00fastria invirti\u00f3 en un nuevo complemento que permiti\u00f3 su producci\u00f3n para [&hellip;]<\/p>\n","protected":false},"author":1,"featured_media":0,"parent":0,"menu_order":0,"comment_status":"closed","ping_status":"closed","template":"","meta":{"footnotes":""},"class_list":["post-5210","page","type-page","status-publish","hentry"],"aioseo_notices":[],"_links":{"self":[{"href":"https:\/\/albanoalvesindustria.pt\/es\/wp-json\/wp\/v2\/pages\/5210","targetHints":{"allow":["GET"]}}],"collection":[{"href":"https:\/\/albanoalvesindustria.pt\/es\/wp-json\/wp\/v2\/pages"}],"about":[{"href":"https:\/\/albanoalvesindustria.pt\/es\/wp-json\/wp\/v2\/types\/page"}],"author":[{"embeddable":true,"href":"https:\/\/albanoalvesindustria.pt\/es\/wp-json\/wp\/v2\/users\/1"}],"replies":[{"embeddable":true,"href":"https:\/\/albanoalvesindustria.pt\/es\/wp-json\/wp\/v2\/comments?post=5210"}],"version-history":[{"count":10,"href":"https:\/\/albanoalvesindustria.pt\/es\/wp-json\/wp\/v2\/pages\/5210\/revisions"}],"predecessor-version":[{"id":5456,"href":"https:\/\/albanoalvesindustria.pt\/es\/wp-json\/wp\/v2\/pages\/5210\/revisions\/5456"}],"wp:attachment":[{"href":"https:\/\/albanoalvesindustria.pt\/es\/wp-json\/wp\/v2\/media?parent=5210"}],"curies":[{"name":"wp","href":"https:\/\/api.w.org\/{rel}","templated":true}]}}