{"id":5208,"date":"2024-04-10T09:06:13","date_gmt":"2024-04-10T09:06:13","guid":{"rendered":"https:\/\/albanoalvesindustria.pt\/politica-de-privacidade\/"},"modified":"2025-12-31T16:38:55","modified_gmt":"2025-12-31T16:38:55","slug":"politica-de-privacidad","status":"publish","type":"page","link":"https:\/\/albanoalvesindustria.pt\/es\/politica-de-privacidad\/","title":{"rendered":"Pol\u00edtica de Privacidad"},"content":{"rendered":"<div class=\"wpb-content-wrapper\"><p>[vc_row full_width=&#8221;stretch_row&#8221; css=&#8221;.vc_custom_1729703316730{margin-top: 0px !important;margin-bottom: 0px !important;padding-top: 60px !important;padding-bottom: 60px !important;background-color: #d6f5ff !important;}&#8221;][vc_column css=&#8221;.vc_custom_1729524637343{margin-top: 0px !important;margin-bottom: 0px !important;padding-top: 0px !important;padding-bottom: 0px !important;}&#8221;][vc_row_inner equal_height=&#8221;yes&#8221; content_placement=&#8221;middle&#8221; css=&#8221;.vc_custom_1729524690701{margin-top: 0px !important;margin-bottom: 0px !important;padding-top: 0px !important;padding-bottom: 0px !important;}&#8221;][vc_column_inner css=&#8221;.vc_custom_1729526651412{padding-right: 60px !important;}&#8221;][vc_custom_heading text=&#8221;Pol\u00edtica de Privacidad y Datos Personales&#8221; font_container=&#8221;tag:h2|font_size:35|text_align:center|color:%230096c8&#8243; use_theme_fonts=&#8221;yes&#8221; el_class=&#8221;cs-700&#8243;][\/vc_column_inner][\/vc_row_inner][\/vc_column][\/vc_row][vc_row css=&#8221;.vc_custom_1729703453708{margin-top: 60px !important;margin-bottom: 60px !important;}&#8221;][vc_column][vc_column_text]<\/p>\r\n<p style=\"line-height: 20.25pt; margin: 0cm 0cm 11.25pt 0cm;\"><span style=\"font-family: Poppins; color: #606060;\">En el \u00e1mbito de su actividad comercial, tanto en nuestras instalaciones como en nuestra p\u00e1gina web, Albano R. N. Alves &#8211; Industria de Transforma\u00e7\u00e3o de Papel, S.A., (en adelante, la \u00abEntidad Responsable\u00bb), con direcci\u00f3n en Rua das Ma\u00e7arocas n\u00ba 12 &#8211; Abrunheira &#8211; 2714-523 Sintra (Portugal), bajo el n\u00famero de registro \u00fanico y de persona jur\u00eddica PT 506 471 977, solicita al cliente que le proporcione un conjunto de datos personales, es decir, informaci\u00f3n facilitada por el cliente que permite a la Entidad Responsable identificarle y\/o ponerse en contacto con \u00e9l (datos personales). Esta empresa es responsable del tratamiento de datos personales en el sentido del Reglamento General de Protecci\u00f3n de Datos.<\/span><\/p>\r\n<p style=\"line-height: 20.25pt; margin: 0cm 0cm 11.25pt 0cm;\"><span style=\"font-family: Poppins; color: #606060;\">Los datos personales se solicitan, en particular, en el momento del inicio y continuaci\u00f3n de la relaci\u00f3n contractual, que puede llevarse a cabo en nuestras instalaciones o en nuestra p\u00e1gina web, as\u00ed como en otras iniciativas de naturaleza similar, cuando el cliente se registra en nuestra p\u00e1gina web, solicita un contacto y\/o boletines informativos, se suscribe a un servicio determinado, adquiere un producto o establece una relaci\u00f3n contractual con la Entidad Responsable. Se archivaran de forma informatizada durante el periodo de tiempo estrictamente necesario para su finalidad. Una vez cumplida la finalidad, los datos ser\u00e1n archivados, eliminados o anonimizados.<\/span><\/p>\r\n<p style=\"line-height: 20.25pt; margin: 0cm 0cm 11.25pt 0cm;\"><span style=\"font-family: Poppins; color: #606060;\">Los datos personales recogidos y tratados consisten en informaci\u00f3n relativa a nombre, sexo, fecha de nacimiento, n\u00famero de tel\u00e9fono, n\u00famero de tel\u00e9fono m\u00f3vil, direcci\u00f3n de correo electr\u00f3nico, direcci\u00f3n, n\u00famero del documento nacional de identidade y civil, aunque puedan recogerse otros datos personales que resulten necesarios o convenientes en el \u00e1mbito de la ejecuci\u00f3n de la relaci\u00f3n contractual, de los bienes suministrados o de los servicios puestos a disposici\u00f3n por la Entidad Responsable.<\/span><\/p>\r\n<p style=\"line-height: 20.25pt; margin: 0cm 0cm 11.25pt 0cm;\"><span style=\"font-family: Poppins; color: #606060;\">La Pol\u00edtica de Privacidad, as\u00ed como la recogida, tratamiento o transmisi\u00f3n de los datos del Titular, se rigen por las disposiciones del Reglamento (UE) 2016\/679 del Parlamento Europeo y del Consejo, de 27 de abril de 2016, y por las leyes y reglamentos aplicables en Portugal.<\/span><\/p>\r\n<p style=\"line-height: 20.25pt; margin: 0cm 0cm 11.25pt 0cm;\"><span style=\"font-family: Poppins; color: #606060;\">De cuando en cuando, la Entidad Responsable actualizar\u00e1 esta Pol\u00edtica de Privacidad.<\/span><\/p>\r\n<p style=\"line-height: 20.25pt; margin: 0cm 0cm 11.25pt 0cm;\"><span style=\"font-family: Poppins; color: #606060;\">Le pedimos que revise peri\u00f3dicamente este documento para mantenerse actualizado.<\/span><\/p>\r\n<p style=\"line-height: 20.25pt; margin: 0cm 0cm 11.25pt 0cm;\"><span style=\"font-family: Poppins; color: #606060;\"><em><strong>Actualizado en febrero de 2025<\/strong><\/em><\/span><\/p>\r\n<p>[\/vc_column_text][\/vc_column][\/vc_row]<\/p><\/div>","protected":false},"excerpt":{"rendered":"<p>[vc_row full_width=&#8221;stretch_row&#8221; css=&#8221;.vc_custom_1729703316730{margin-top: 0px !important;margin-bottom: 0px !important;padding-top: 60px !important;padding-bottom: 60px !important;background-color: #d6f5ff !important;}&#8221;][vc_column css=&#8221;.vc_custom_1729524637343{margin-top: 0px !important;margin-bottom: 0px !important;padding-top: 0px !important;padding-bottom: 0px !important;}&#8221;][vc_row_inner equal_height=&#8221;yes&#8221; content_placement=&#8221;middle&#8221; css=&#8221;.vc_custom_1729524690701{margin-top: 0px !important;margin-bottom: 0px !important;padding-top: 0px !important;padding-bottom: 0px !important;}&#8221;][vc_column_inner css=&#8221;.vc_custom_1729526651412{padding-right: 60px !important;}&#8221;][vc_custom_heading text=&#8221;Pol\u00edtica de Privacidad y [&hellip;]<\/p>\n","protected":false},"author":1,"featured_media":0,"parent":0,"menu_order":0,"comment_status":"closed","ping_status":"closed","template":"","meta":{"footnotes":""},"class_list":["post-5208","page","type-page","status-publish","hentry"],"aioseo_notices":[],"_links":{"self":[{"href":"https:\/\/albanoalvesindustria.pt\/es\/wp-json\/wp\/v2\/pages\/5208","targetHints":{"allow":["GET"]}}],"collection":[{"href":"https:\/\/albanoalvesindustria.pt\/es\/wp-json\/wp\/v2\/pages"}],"about":[{"href":"https:\/\/albanoalvesindustria.pt\/es\/wp-json\/wp\/v2\/types\/page"}],"author":[{"embeddable":true,"href":"https:\/\/albanoalvesindustria.pt\/es\/wp-json\/wp\/v2\/users\/1"}],"replies":[{"embeddable":true,"href":"https:\/\/albanoalvesindustria.pt\/es\/wp-json\/wp\/v2\/comments?post=5208"}],"version-history":[{"count":7,"href":"https:\/\/albanoalvesindustria.pt\/es\/wp-json\/wp\/v2\/pages\/5208\/revisions"}],"predecessor-version":[{"id":5470,"href":"https:\/\/albanoalvesindustria.pt\/es\/wp-json\/wp\/v2\/pages\/5208\/revisions\/5470"}],"wp:attachment":[{"href":"https:\/\/albanoalvesindustria.pt\/es\/wp-json\/wp\/v2\/media?parent=5208"}],"curies":[{"name":"wp","href":"https:\/\/api.w.org\/{rel}","templated":true}]}}