{"id":5206,"date":"2024-06-06T09:03:25","date_gmt":"2024-06-06T09:03:25","guid":{"rendered":"https:\/\/albanoalvesindustria.pt\/politica-de-cookies\/"},"modified":"2025-12-31T16:44:51","modified_gmt":"2025-12-31T16:44:51","slug":"politica-de-cookies","status":"publish","type":"page","link":"https:\/\/albanoalvesindustria.pt\/es\/politica-de-cookies\/","title":{"rendered":"Pol\u00edtica de Cookies"},"content":{"rendered":"<div class=\"wpb-content-wrapper\"><p>[vc_row full_width=&#8221;stretch_row&#8221; css=&#8221;.vc_custom_1729703316730{margin-top: 0px !important;margin-bottom: 0px !important;padding-top: 60px !important;padding-bottom: 60px !important;background-color: #d6f5ff !important;}&#8221;][vc_column css=&#8221;.vc_custom_1729524637343{margin-top: 0px !important;margin-bottom: 0px !important;padding-top: 0px !important;padding-bottom: 0px !important;}&#8221;][vc_row_inner equal_height=&#8221;yes&#8221; content_placement=&#8221;middle&#8221; css=&#8221;.vc_custom_1729524690701{margin-top: 0px !important;margin-bottom: 0px !important;padding-top: 0px !important;padding-bottom: 0px !important;}&#8221;][vc_column_inner css=&#8221;.vc_custom_1729526651412{padding-right: 60px !important;}&#8221;][vc_custom_heading text=&#8221;Pol\u00edtica de Cookies&#8221; font_container=&#8221;tag:h2|font_size:35|text_align:center|color:%230096c8&#8243; use_theme_fonts=&#8221;yes&#8221; el_class=&#8221;cs-700&#8243;][\/vc_column_inner][\/vc_row_inner][\/vc_column][\/vc_row][vc_row css=&#8221;.vc_custom_1729703427679{margin-top: 60px !important;margin-bottom: 60px !important;}&#8221;][vc_column][vc_column_text]<\/p>\r\n<p><strong>Este website utiliza cookies de acuerdo con la Pol\u00edtica de Cookies. Las cookies pueden ser restringidas o bloqueadas por su navegador.<\/strong><\/p>\r\n<p>Las cookies son peque\u00f1os archivos de texto que el website coloca en su ordenador, smartphone o tableta cuando usted accede a \u00e9l. Estos archivos recopilan un conjunto de informaci\u00f3n sobre su navegaci\u00f3n en el website, y se utilizan para reconocer a los usuarios en futuras visitas y garantizar el correcto funcionamiento de las funcionalidades. Las cookies se utilizan para facilitar su experiencia de usuario y hacerla m\u00e1s f\u00e1cil, y no da\u00f1an su ordenador.<\/p>\r\n<p><strong>Para qu\u00e9 se utilizan las cookies?<\/strong><\/p>\r\n<p>La informaci\u00f3n recogida por las cookies se traduce en estimaciones num\u00e9ricas, patrones de uso y la adaptaci\u00f3n del website a los intereses de nuestros usuarios. El \u00fanico prop\u00f3sito de esta informaci\u00f3n es mejorar el rendimiento t\u00e9cnico del website y su experiencia de usuario.<\/p>\r\n<p><strong>Este website utiliza cookies para otros fines?<\/strong><br \/>No. Las cookies utilizadas no almacenan ninguna informaci\u00f3n personal sobre los usuarios que se considere sensible. Asimismo, no utilizamos cookies para dirigir publicidad a nuestros usuarios, ni con fines publicitarios propios ni de terceros.<\/p>\r\n<p><strong>Qui\u00e9n tiene acceso a la informaci\u00f3n almacenada en las cookies?<\/strong><br \/>La informaci\u00f3n almacenada en las cookies es utilizada exclusivamente por nosotros, a trav\u00e9s del servicio Google Analytics, y tiene fines exclusivamente estad\u00edsticos.<\/p>\r\n<p><strong>Es posible desactivar el uso de cookies?<\/strong><br \/>S\u00ed, las cookies se pueden desactivar en su navegador. Sin embargo, al hacerlo, dejar\u00e1 de contribuir a la mejora continua que siempre pretendemos ofrecer a nuestros clientes. Para bloquear o eliminar las cookies, puede hacerlo modificando la configuraci\u00f3n de su navegador en el men\u00fa \u00abPreferencias\u00bb o \u00abHerramientas\u00bb. Para m\u00e1s detalles sobre c\u00f3mo configurar las cookies, consulte el men\u00fa \u00abAyuda\u00bb de su navegador.<\/p>\r\n<p>[\/vc_column_text][\/vc_column][\/vc_row]<\/p><\/div>","protected":false},"excerpt":{"rendered":"<p>[vc_row full_width=&#8221;stretch_row&#8221; css=&#8221;.vc_custom_1729703316730{margin-top: 0px !important;margin-bottom: 0px !important;padding-top: 60px !important;padding-bottom: 60px !important;background-color: #d6f5ff !important;}&#8221;][vc_column css=&#8221;.vc_custom_1729524637343{margin-top: 0px !important;margin-bottom: 0px !important;padding-top: 0px !important;padding-bottom: 0px !important;}&#8221;][vc_row_inner equal_height=&#8221;yes&#8221; content_placement=&#8221;middle&#8221; css=&#8221;.vc_custom_1729524690701{margin-top: 0px !important;margin-bottom: 0px !important;padding-top: 0px !important;padding-bottom: 0px !important;}&#8221;][vc_column_inner css=&#8221;.vc_custom_1729526651412{padding-right: 60px !important;}&#8221;][vc_custom_heading text=&#8221;Pol\u00edtica de Cookies&#8221; font_container=&#8221;tag:h2|font_size:35|text_align:center|color:%230096c8&#8243; [&hellip;]<\/p>\n","protected":false},"author":3,"featured_media":0,"parent":0,"menu_order":0,"comment_status":"closed","ping_status":"open","template":"","meta":{"footnotes":""},"class_list":["post-5206","page","type-page","status-publish","hentry"],"aioseo_notices":[],"_links":{"self":[{"href":"https:\/\/albanoalvesindustria.pt\/es\/wp-json\/wp\/v2\/pages\/5206","targetHints":{"allow":["GET"]}}],"collection":[{"href":"https:\/\/albanoalvesindustria.pt\/es\/wp-json\/wp\/v2\/pages"}],"about":[{"href":"https:\/\/albanoalvesindustria.pt\/es\/wp-json\/wp\/v2\/types\/page"}],"author":[{"embeddable":true,"href":"https:\/\/albanoalvesindustria.pt\/es\/wp-json\/wp\/v2\/users\/3"}],"replies":[{"embeddable":true,"href":"https:\/\/albanoalvesindustria.pt\/es\/wp-json\/wp\/v2\/comments?post=5206"}],"version-history":[{"count":5,"href":"https:\/\/albanoalvesindustria.pt\/es\/wp-json\/wp\/v2\/pages\/5206\/revisions"}],"predecessor-version":[{"id":5472,"href":"https:\/\/albanoalvesindustria.pt\/es\/wp-json\/wp\/v2\/pages\/5206\/revisions\/5472"}],"wp:attachment":[{"href":"https:\/\/albanoalvesindustria.pt\/es\/wp-json\/wp\/v2\/media?parent=5206"}],"curies":[{"name":"wp","href":"https:\/\/api.w.org\/{rel}","templated":true}]}}