{"id":5204,"date":"2018-11-28T10:53:11","date_gmt":"2018-11-28T10:53:11","guid":{"rendered":"https:\/\/albanoalvesindustria.pt\/contactos\/"},"modified":"2025-12-31T16:27:03","modified_gmt":"2025-12-31T16:27:03","slug":"contactos","status":"publish","type":"page","link":"https:\/\/albanoalvesindustria.pt\/es\/contactos\/","title":{"rendered":"Contactos"},"content":{"rendered":"<div class=\"wpb-content-wrapper\"><p>[vc_row full_width=&#8221;stretch_row&#8221; css=&#8221;.vc_custom_1729526594893{margin-top: 0px !important;margin-bottom: 0px !important;padding-top: 0px !important;padding-bottom: 0px !important;background-color: #d6f5ff !important;}&#8221;][vc_column css=&#8221;.vc_custom_1729524637343{margin-top: 0px !important;margin-bottom: 0px !important;padding-top: 0px !important;padding-bottom: 0px !important;}&#8221;][vc_row_inner equal_height=&#8221;yes&#8221; content_placement=&#8221;middle&#8221; css=&#8221;.vc_custom_1729524690701{margin-top: 0px !important;margin-bottom: 0px !important;padding-top: 0px !important;padding-bottom: 0px !important;}&#8221;][vc_column_inner width=&#8221;5\/12&#8243; css=&#8221;.vc_custom_1729526651412{padding-right: 60px !important;}&#8221;][vc_empty_space height=&#8221;80px&#8221;][vc_custom_heading text=&#8221;Contactos&#8221; font_container=&#8221;tag:h2|font_size:35|text_align:left|color:%230096c8&#8243; use_theme_fonts=&#8221;yes&#8221; el_class=&#8221;cs-700&#8243;][vc_custom_heading text=&#8221;Albano R. N. Alves &#8211; Ind\u00fastria de Transforma\u00e7\u00e3o de Papel, S.A.&#8221; font_container=&#8221;tag:h3|text_align:left&#8221; use_theme_fonts=&#8221;yes&#8221; css=&#8221;.vc_custom_1733833186950{margin-bottom: 15px !important;}&#8221;][vc_empty_space height=&#8221;80px&#8221;][\/vc_column_inner][vc_column_inner width=&#8221;7\/12&#8243;][\/vc_column_inner][\/vc_row_inner][\/vc_column][\/vc_row][vc_row el_class=&#8221;home-social contact&#8221; css=&#8221;.vc_custom_1717761654538{margin-top: 40px !important;margin-bottom: 60px !important;padding-left: 38px !important;}&#8221;][vc_column width=&#8221;1\/3&#8243;][vc_row_inner css=&#8221;.vc_custom_1717773447606{margin-bottom: 0px !important;}&#8221;][vc_column_inner][vc_icon icon_fontawesome=&#8221;fas fa-phone&#8221; color=&#8221;custom&#8221; size=&#8221;lg&#8221; custom_color=&#8221;#e9862e&#8221; css=&#8221;.vc_custom_1729685149226{margin-bottom: 0px !important;}&#8221;][vc_custom_heading text=&#8221;Tel\u00e9fonos&#8221; font_container=&#8221;tag:p|text_align:left&#8221; use_theme_fonts=&#8221;yes&#8221; css=&#8221;.vc_custom_1747145413776{margin-bottom: 5px !important;}&#8221;][vc_column_text css=&#8221;.vc_custom_1747145462887{margin-bottom: 0px !important;}&#8221;]<\/p>\n<h4 style=\"margin-bottom: 0px;\"><a href=\"tel:+351 219 255 710\">+351 219 255 710<\/a><\/h4>\n<p style=\"font-size: 12px;\">(llamadas a tel\u00e9fonos fijos portugueses)<\/p>\n<h4 style=\"margin-bottom: 0px;\"><a href=\"tel:+351 963 326 485\">+351 963 326 485<\/a><\/h4>\n<p style=\"font-size: 12px;\">(llamadas a tel\u00e9fonos m\u00f3viles portugueses)<\/p>\n<p>[\/vc_column_text][\/vc_column_inner][\/vc_row_inner][\/vc_column][vc_column width=&#8221;1\/3&#8243;][vc_row_inner css=&#8221;.vc_custom_1717773455131{margin-bottom: 0px !important;}&#8221;][vc_column_inner][vc_icon icon_fontawesome=&#8221;fas fa-envelope&#8221; color=&#8221;custom&#8221; size=&#8221;lg&#8221; custom_color=&#8221;#e9862e&#8221; css=&#8221;.vc_custom_1729685159298{margin-bottom: 0px !important;}&#8221;][vc_custom_heading text=&#8221;Correo electr\u00f3nico&#8221; font_container=&#8221;tag:p|text_align:left&#8221; use_theme_fonts=&#8221;yes&#8221; css=&#8221;.vc_custom_1747216135478{margin-bottom: 5px !important;}&#8221;][vc_column_text css=&#8221;.vc_custom_1717773538820{margin-bottom: 0px !important;}&#8221;]<\/p>\n<h4 style=\"margin-bottom: 0px; color: #0096c8;\"><a href=\"mailto:geral@albanoalvesindustria.pt\">geral@albanoalvesindustria.pt<\/a><\/h4>\n<p>[\/vc_column_text][\/vc_column_inner][\/vc_row_inner][\/vc_column][vc_column width=&#8221;1\/3&#8243;][vc_row_inner css=&#8221;.vc_custom_1717773464554{margin-bottom: 0px !important;}&#8221;][vc_column_inner][vc_icon icon_fontawesome=&#8221;fas fa-map-marker-alt&#8221; color=&#8221;custom&#8221; size=&#8221;lg&#8221; custom_color=&#8221;#e9862e&#8221; css=&#8221;.vc_custom_1729685168843{margin-bottom: 0px !important;}&#8221;][vc_custom_heading text=&#8221;Direcci\u00f3n&#8221; font_container=&#8221;tag:p|text_align:left&#8221; use_theme_fonts=&#8221;yes&#8221; css=&#8221;.vc_custom_1747216086988{margin-bottom: 5px !important;}&#8221;][vc_column_text css=&#8221;.vc_custom_1733833309333{margin-bottom: 0px !important;}&#8221;]<\/p>\n<h4 style=\"margin-bottom: 0px; color: #0096c8;\">Rua das Ma\u00e7arocas, n.\u00ba 12<br \/>\nAbrunheira<br \/>\n2714-523 Sintra<br \/>\nPortugal<\/h4>\n<p>[\/vc_column_text][\/vc_column_inner][\/vc_row_inner][\/vc_column][\/vc_row][vc_row equal_height=&#8221;yes&#8221; css=&#8221;.vc_custom_1729847684484{margin-bottom: 40px !important;}&#8221;][vc_column width=&#8221;1\/2&#8243; css=&#8221;.vc_custom_1580729556767{margin-bottom: 0px !important;padding-top: 0px !important;padding-right: 15px !important;padding-left: 0px !important;}&#8221; el_class=&#8221;map-resp&#8221;][vc_gmaps link=&#8221;#E-8_JTNDaWZyYW1lJTIwdGl0bGUlM0QlMjJNYXBhJTIyJTIwc3JjJTNEJTIyaHR0cHMlM0ElMkYlMkZ3d3cuZ29vZ2xlLmNvbSUyRm1hcHMlMkZlbWJlZCUzRnBiJTNEJTIxMW0xOCUyMTFtMTIlMjExbTMlMjExZDExNTAwMi4wOTA2NTc1MjI2OCUyMTJkLTkuMzg2MDI5OTE2NDQxODQlMjEzZDM4Ljc3MzM1OTI0NzE2MzkxJTIxMm0zJTIxMWYwJTIxMmYwJTIxM2YwJTIxM20yJTIxMWkxMDI0JTIxMmk3NjglMjE0ZjEzLjElMjEzbTMlMjExbTIlMjExczB4ZDFlY2ZmYTg0NDgxYjkxJTI1M0EweDdhNTQxM2U2MzJhZjViNjAlMjEyc0FsYmFubyUyNTIwUi4lMjUyME4uJTI1MjBBbHZlcyUyNTIwLSUyNTIwSW5kdXN0cmlhJTI1MjBkZSUyNTIwVHJhbnNmb3JtYSUyNUMzJTI1QTclMjVDMyUyNUEzbyUyNTIwZGUlMjUyMFBhcGVsJTI1MkMlMjUyMFMuQS4lMjE1ZTAlMjEzbTIlMjExc2VuJTIxMnNwdCUyMTR2MTY3MzAwODA4Nzg0NSUyMTVtMiUyMTFzZW4lMjEyc3B0JTIyJTIwd2lkdGglM0QlMjIxMDAlMjUlMjIlMjBoZWlnaHQlM0QlMjI1NjBweCUyMiUyMHN0eWxlJTNEJTIyYm9yZGVyJTNBMCUzQiUyMiUyMGFsbG93ZnVsbHNjcmVlbiUzRCUyMiUyMiUyMGxvYWRpbmclM0QlMjJsYXp5JTIyJTIwcmVmZXJyZXJwb2xpY3klM0QlMjJuby1yZWZlcnJlci13aGVuLWRvd25ncmFkZSUyMiUzRSUzQyUyRmlmcmFtZSUzRQ==&#8221; size=&#8221;560&#8243; css=&#8221;.vc_custom_1767198394734{margin-bottom: 0px !important;}&#8221;][\/vc_column][vc_column width=&#8221;1\/2&#8243; css=&#8221;.vc_custom_1733835313842{padding-top: 0px !important;padding-right: 0px !important;padding-bottom: 0px !important;padding-left: 15px !important;}&#8221; el_class=&#8221;contact_get_a_quote&#8221;][vc_column_text el_class=&#8221;get_a_quote&#8221; css=&#8221;.vc_custom_1747046218778{background-color: #ffffff !important;}&#8221;]\n<div class=\"wpcf7 no-js\" id=\"wpcf7-f5242-o1\" lang=\"es-ES\" dir=\"ltr\" data-wpcf7-id=\"5242\">\n<div class=\"screen-reader-response\"><p role=\"status\" aria-live=\"polite\" aria-atomic=\"true\"><\/p> <ul><\/ul><\/div>\n<form action=\"\/es\/wp-json\/wp\/v2\/pages\/5204#wpcf7-f5242-o1\" method=\"post\" class=\"wpcf7-form init\" aria-label=\"Formulario de contacto\" novalidate=\"novalidate\" data-status=\"init\">\n<div style=\"display: none;\">\n<input type=\"hidden\" name=\"_wpcf7\" value=\"5242\" \/>\n<input type=\"hidden\" name=\"_wpcf7_version\" value=\"6.0.6\" \/>\n<input type=\"hidden\" name=\"_wpcf7_locale\" value=\"es_ES\" \/>\n<input type=\"hidden\" name=\"_wpcf7_unit_tag\" value=\"wpcf7-f5242-o1\" \/>\n<input type=\"hidden\" name=\"_wpcf7_container_post\" value=\"0\" \/>\n<input type=\"hidden\" name=\"_wpcf7_posted_data_hash\" value=\"\" \/>\n<input type=\"hidden\" name=\"_wpcf7_recaptcha_response\" value=\"\" \/>\n<\/div>\n<div class=\"pilon-contact row\">\n\t<div class=\"col-md-6\">\n\t\t<p><label><span class=\"wpcf7-form-control-wrap\" data-name=\"nome\"><input size=\"40\" maxlength=\"400\" class=\"wpcf7-form-control wpcf7-text wpcf7-validates-as-required\" aria-required=\"true\" aria-invalid=\"false\" placeholder=\"Nombre*\" value=\"\" type=\"text\" name=\"nome\" \/><\/span><\/label>\n\t\t<\/p>\n\t<\/div>\n\t<div class=\"col-md-6\">\n\t\t<p><label><span class=\"wpcf7-form-control-wrap\" data-name=\"empresa\"><input size=\"40\" maxlength=\"400\" class=\"wpcf7-form-control wpcf7-text\" aria-invalid=\"false\" placeholder=\"Empresa\" value=\"\" type=\"text\" name=\"empresa\" \/><\/span><\/label>\n\t\t<\/p>\n\t<\/div>\n\t<div class=\"col-md-12\">\n\t\t<p><label><span class=\"wpcf7-form-control-wrap\" data-name=\"email\"><input size=\"40\" maxlength=\"400\" class=\"wpcf7-form-control wpcf7-email wpcf7-validates-as-required wpcf7-text wpcf7-validates-as-email\" aria-required=\"true\" aria-invalid=\"false\" placeholder=\"Email*\" value=\"\" type=\"email\" name=\"email\" \/><\/span><\/label>\n\t\t<\/p>\n\t<\/div>\n\t<div class=\"col-md-12\">\n\t\t<p><label><span class=\"wpcf7-form-control-wrap\" data-name=\"assunto\"><input size=\"40\" maxlength=\"400\" class=\"wpcf7-form-control wpcf7-text wpcf7-validates-as-required\" aria-required=\"true\" aria-invalid=\"false\" placeholder=\"Asunto*\" value=\"\" type=\"text\" name=\"assunto\" \/><\/span><\/label>\n\t\t<\/p>\n\t<\/div>\n\t<div class=\"col-md-12\">\n\t\t<p><label><span class=\"wpcf7-form-control-wrap\" data-name=\"mensagem\"><textarea cols=\"40\" rows=\"10\" maxlength=\"2000\" class=\"wpcf7-form-control wpcf7-textarea wpcf7-validates-as-required\" aria-required=\"true\" aria-invalid=\"false\" placeholder=\"Mensaje*\" name=\"mensagem\"><\/textarea><\/span><\/label>\n\t\t<\/p>\n\t<\/div>\n\t<div class=\"col-md-12\"style=\"margin-bottom: 25px\">\n\t\t<p><span class=\"wpcf7-form-control-wrap\" data-name=\"acceptance-738\"><span class=\"wpcf7-form-control wpcf7-acceptance\"><span class=\"wpcf7-list-item\"><label><input type=\"checkbox\" name=\"acceptance-738\" value=\"1\" aria-invalid=\"false\" \/><span class=\"wpcf7-list-item-label\">He le\u00eddo y acepto la <a href=\"\/es\/politica-de-privacidad\/\" style=\"color: #000; text-decoration: underline\" target=\"_blank\">Pol\u00edtica de Privacidad<\/a>.<\/span><\/label><\/span><\/span><\/span>\n\t\t<\/p>\n\t<\/div>\n\t<div class=\"col-md-12\">\n\t\t<p><button type=\"submit\" class=\"wpcf7-form-control wpcf7-submit\">Enviar<\/button>\n\t\t<\/p>\n\t<\/div>\n<\/div><div class=\"wpcf7-response-output\" aria-hidden=\"true\"><\/div>\n<\/form>\n<\/div>\n[\/vc_column_text][\/vc_column][\/vc_row][vc_row full_width=&#8221;stretch_row&#8221; css=&#8221;.vc_custom_1733244028466{margin-top: 0px !important;margin-right: -15px !important;margin-bottom: 0px !important;margin-left: -15px !important;padding-top: 60px !important;background-color: #e0f5ff !important;}&#8221;][vc_column][vc_row_inner][vc_column_inner][vc_column_text]<\/p>\n<h2 style=\"text-align: center; font-size: 24px;\">En el cuadro del Sistema Integrado de Gesti\u00f3n, de acuerdo con las normas ISO 9001 Calidad, ISO 14001 Medio Ambiente e ISO 22000 Seguridad Alimentaria, Albano Alves Ind\u00fastria supervisa y eval\u00faa el rendimiento de sus proveedores externos. Para obtener m\u00e1s informaci\u00f3n sobre los criterios y la metodolog\u00eda de evaluaci\u00f3n, p\u00f3ngase en contacto con nosotros a trav\u00e9s del correo electr\u00f3nico <a href=\"mailto:geral@albanoalvesindustria.pt\">geral@albanoalvesindustria.pt<\/a><\/h2>\n<p>[\/vc_column_text][\/vc_column_inner][\/vc_row_inner][\/vc_column][\/vc_row]<\/p>\n<\/div>","protected":false},"excerpt":{"rendered":"<p>[vc_row full_width=&#8221;stretch_row&#8221; css=&#8221;.vc_custom_1729526594893{margin-top: 0px !important;margin-bottom: 0px !important;padding-top: 0px !important;padding-bottom: 0px !important;background-color: #d6f5ff !important;}&#8221;][vc_column css=&#8221;.vc_custom_1729524637343{margin-top: 0px !important;margin-bottom: 0px !important;padding-top: 0px !important;padding-bottom: 0px !important;}&#8221;][vc_row_inner equal_height=&#8221;yes&#8221; content_placement=&#8221;middle&#8221; css=&#8221;.vc_custom_1729524690701{margin-top: 0px !important;margin-bottom: 0px !important;padding-top: 0px !important;padding-bottom: 0px !important;}&#8221;][vc_column_inner width=&#8221;5\/12&#8243; css=&#8221;.vc_custom_1729526651412{padding-right: 60px !important;}&#8221;][vc_empty_space height=&#8221;80px&#8221;][vc_custom_heading text=&#8221;Contactos&#8221; font_container=&#8221;tag:h2|font_size:35|text_align:left|color:%230096c8&#8243; [&hellip;]<\/p>\n","protected":false},"author":1,"featured_media":0,"parent":0,"menu_order":0,"comment_status":"closed","ping_status":"closed","template":"","meta":{"footnotes":""},"class_list":["post-5204","page","type-page","status-publish","hentry"],"aioseo_notices":[],"_links":{"self":[{"href":"https:\/\/albanoalvesindustria.pt\/es\/wp-json\/wp\/v2\/pages\/5204","targetHints":{"allow":["GET"]}}],"collection":[{"href":"https:\/\/albanoalvesindustria.pt\/es\/wp-json\/wp\/v2\/pages"}],"about":[{"href":"https:\/\/albanoalvesindustria.pt\/es\/wp-json\/wp\/v2\/types\/page"}],"author":[{"embeddable":true,"href":"https:\/\/albanoalvesindustria.pt\/es\/wp-json\/wp\/v2\/users\/1"}],"replies":[{"embeddable":true,"href":"https:\/\/albanoalvesindustria.pt\/es\/wp-json\/wp\/v2\/comments?post=5204"}],"version-history":[{"count":7,"href":"https:\/\/albanoalvesindustria.pt\/es\/wp-json\/wp\/v2\/pages\/5204\/revisions"}],"predecessor-version":[{"id":5465,"href":"https:\/\/albanoalvesindustria.pt\/es\/wp-json\/wp\/v2\/pages\/5204\/revisions\/5465"}],"wp:attachment":[{"href":"https:\/\/albanoalvesindustria.pt\/es\/wp-json\/wp\/v2\/media?parent=5204"}],"curies":[{"name":"wp","href":"https:\/\/api.w.org\/{rel}","templated":true}]}}